{"id":172,"date":"2012-08-28T16:58:46","date_gmt":"2012-08-28T16:58:46","guid":{"rendered":"http:\/\/31.217.196.115\/~zpthlllu\/?page_id=172"},"modified":"2025-12-30T17:25:33","modified_gmt":"2025-12-30T15:25:33","slug":"parturi-kampaamo","status":"publish","type":"page","link":"https:\/\/www.studioevaw.com\/?page_id=172","title":{"rendered":"Hinnasto"},"content":{"rendered":"<p><strong>Leikkaukset:<\/strong><\/p>\n<p>Hiusten leikkaukset sis\u00e4lt\u00e4v\u00e4t pesun, f\u00f6\u00f6nauksen sek\u00e4 muotoilutuotteiden k\u00e4yt\u00f6n (poislukien koneajo ja otsahiukset).<\/p>\n<p>Parturileikkaus 36 \u20ac<br \/>\nKoneajo 19 \u20ac<br \/>\nOtsahiusten leikkaus 19 \u20ac<br \/>\nTasausleikkaus 36 \u20ac<br \/>\nLasten hiustenleikkaus (alle 10 v.) 30 \u20ac<br \/>\nKampaamoleikkaus 54 \u20ac<br \/>\nMallinmuutosleikkaus 63 \u20ac<\/p>\n<p><strong>V\u00e4ri + leikkaus:<\/strong><\/p>\n<p>Yksiv\u00e4riv\u00e4rj\u00e4ys + leikkaus<\/p>\n<ul>\n<li>lyhyt 124 \u20ac<\/li>\n<li>puolipitk\u00e4 135 \u20ac<\/li>\n<li>pitk\u00e4 148 \u20ac<\/li>\n<li>superpitk\u00e4 \/ paksu 168 \u20ac<\/li>\n<\/ul>\n<p>Moniv\u00e4riv\u00e4rj\u00e4ys + leikkaus<\/p>\n<ul>\n<li>lyhyt 129 \u20ac<\/li>\n<li>puolipitk\u00e4 141 \u20ac<\/li>\n<li>pitk\u00e4 161 \u20ac<\/li>\n<li>superpitk\u00e4 \/ paksu 179 \u20ac<\/li>\n<\/ul>\n<p>Vaaleat raidat \/ balayage + leikkaus<\/p>\n<ul>\n<li>lyhyt 134 \u20ac<\/li>\n<li>puolipitk\u00e4 147 \u20ac<\/li>\n<li>pitk\u00e4 174 \u20ac<\/li>\n<li>superpitk\u00e4 \/ paksu 196 \u20ac<\/li>\n<\/ul>\n<p>Eritt\u00e4in vaaleat lopputulokset \/ babylights + leikkaus<\/p>\n<ul>\n<li>lyhyt 167 \u20ac<\/li>\n<li>puolipitk\u00e4 180 \u20ac<\/li>\n<li>pitk\u00e4 207 \u20ac<\/li>\n<li>superpitk\u00e4 \/ paksu 228 \u20ac<\/li>\n<\/ul>\n<p>Tyviv\u00e4ri (max.2cm) + leikkaus 123 \u20ac<\/p>\n<p>Vanhan v\u00e4rin freesaus leikkauksen yhteydess\u00e4 37 \u20ac<\/p>\n<p><strong>V\u00e4ripaketit ilman leikkausta -30 \u20ac<\/strong><\/p>\n<p><strong>Suuremmat v\u00e4rimuutokset 73 \u20ac \/ h, otathan yhteytt\u00e4 kysy\u00e4ksesi lis\u00e4\u00e4.<\/strong><\/p>\n<p>K18hair hiusten vaurioita korjaava kampaamohoito<\/p>\n<ul>\n<li>V\u00e4rin ja leikkauksen yhteydess\u00e4 30 \u20ac<\/li>\n<li>Erillishoitona 45 \u20ac<\/li>\n<\/ul>\n<p>KEVIN.MURPHY SCALP.SPA -hoitopalvelu kuivan tai \u00e4rsyyntyneen hiuspohjan hoitoon<\/p>\n<ul>\n<li>Leikkauksen yhteydess\u00e4 31 \u20ac<\/li>\n<li>Erillishoitona 46 \u20ac<\/li>\n<\/ul>\n<p><strong>Kampaukset: 69 \u20ac \/ h<\/strong><\/p>\n<p><strong>Kulmat ja ripset:<\/strong><\/p>\n<p>Kulmien muotoilu 19 \u20ac<br \/>\nKulmien muotoilu ja v\u00e4rj\u00e4ys 27 \u20ac<br \/>\nRipsien v\u00e4rj\u00e4ys 19 \u20ac<br \/>\nKulmien muotoilu ja v\u00e4rj\u00e4ys + ripsien v\u00e4rj\u00e4ys 33 \u20ac<br \/>\nKulmien ja ripsien pakettity\u00f6t muun palvelun yhteydess\u00e4 -5 \u20ac<\/p>\n<p><strong>Ripsienpidennykset:<\/strong><\/p>\n<p>Klassinen 93 \u20ac<\/p>\n<ul>\n<li>huolto 1h 15 min 69 \u20ac<\/li>\n<li>huolto 45 min 49 \u20ac<\/li>\n<\/ul>\n<p>Volyymi 124 \u20ac<\/p>\n<ul>\n<li>huolto 1h 15 min 88 \u20ac<\/li>\n<li>huolto 45 min 68 \u20ac<\/li>\n<\/ul>\n<p>Hybridi 108 \u20ac<\/p>\n<ul>\n<li>huolto 1h 15 min 79 \u20ac<\/li>\n<li>huolto 45 min 59 \u20ac<\/li>\n<\/ul>\n<p>Pidennysten poisto 30 min 32 \u20ac<\/p>\n<p><strong>Kaikki hinnat sis\u00e4lt\u00e4v\u00e4t voimassa olevan arvonlis\u00e4veron.<\/strong><br \/>\n<strong>Peruutukset teht\u00e4v\u00e4 viimeist\u00e4\u00e4n vuorokautta ennen aikaa, t\u00e4m\u00e4n j\u00e4lkeen peruutetuista ja peruuttamattomista ajanvarauksista veloitamme 50% tilatun ty\u00f6n hinnasta.\u00a0<\/strong><\/p>\n","protected":false},"excerpt":{"rendered":"<p>Leikkaukset: Hiusten leikkaukset sis\u00e4lt\u00e4v\u00e4t pesun, f\u00f6\u00f6nauksen sek\u00e4 muotoilutuotteiden k\u00e4yt\u00f6n (poislukien koneajo ja otsahiukset). Parturileikkaus 36 \u20ac Koneajo 19 \u20ac Otsahiusten leikkaus 19 \u20ac Tasausleikkaus 36 \u20ac Lasten hiustenleikkaus (alle 10 [&hellip;]<\/p>\n","protected":false},"author":1,"featured_media":0,"parent":0,"menu_order":0,"comment_status":"closed","ping_status":"closed","template":"template-fancybox.php","meta":{"footnotes":""},"class_list":["post-172","page","type-page","status-publish","hentry"],"_links":{"self":[{"href":"https:\/\/www.studioevaw.com\/index.php?rest_route=\/wp\/v2\/pages\/172"}],"collection":[{"href":"https:\/\/www.studioevaw.com\/index.php?rest_route=\/wp\/v2\/pages"}],"about":[{"href":"https:\/\/www.studioevaw.com\/index.php?rest_route=\/wp\/v2\/types\/page"}],"author":[{"embeddable":true,"href":"https:\/\/www.studioevaw.com\/index.php?rest_route=\/wp\/v2\/users\/1"}],"replies":[{"embeddable":true,"href":"https:\/\/www.studioevaw.com\/index.php?rest_route=%2Fwp%2Fv2%2Fcomments&post=172"}],"version-history":[{"count":48,"href":"https:\/\/www.studioevaw.com\/index.php?rest_route=\/wp\/v2\/pages\/172\/revisions"}],"predecessor-version":[{"id":966,"href":"https:\/\/www.studioevaw.com\/index.php?rest_route=\/wp\/v2\/pages\/172\/revisions\/966"}],"wp:attachment":[{"href":"https:\/\/www.studioevaw.com\/index.php?rest_route=%2Fwp%2Fv2%2Fmedia&parent=172"}],"curies":[{"name":"wp","href":"https:\/\/api.w.org\/{rel}","templated":true}]}}