{"id":358,"date":"2014-01-16T15:21:00","date_gmt":"2014-01-16T15:21:00","guid":{"rendered":"http:\/\/31.217.196.115\/~zpthlllu\/?page_id=358"},"modified":"2024-08-24T19:27:52","modified_gmt":"2024-08-24T16:27:52","slug":"ajanvaraus","status":"publish","type":"page","link":"https:\/\/www.studioevaw.com\/?page_id=358","title":{"rendered":"Ajanvaraus"},"content":{"rendered":"<p>Ohjeita nettiajanvaraajille:<\/p>\r\n<p>Jos olet ep\u00e4varma hiustesi pituudesta, niin valitse pidemm\u00e4t. N\u00e4in meill\u00e4 on varmasti tarpeeksi aikaa toteuttaa ty\u00f6.<\/p>\r\n<p>Jos olet tulossa meille ensimm\u00e4ist\u00e4 kertaa hiusten v\u00e4rj\u00e4ykseen tai sinulla on mieless\u00e4si jokin isompi v\u00e4rimuutos, varaa timmasta konsultaatioaika tai soita Studiolle. N\u00e4in pystymme kartoittamaan mik\u00e4 on l\u00e4ht\u00f6tilanne, mit\u00e4 on mahdollista tehd\u00e4, ja kuinka paljon tarvitsemme aikaa ty\u00f6t\u00e4 varten. Konsultaatioaika on ilmainen eik\u00e4 velvoita sinua mihink\u00e4\u00e4n. Saat halutessasi my\u00f6s hinta-arvion tulevasta ty\u00f6st\u00e4 sek\u00e4 juuri sinulle r\u00e4\u00e4t\u00e4l\u00f6ityj\u00e4 tuotesuosituksia.<\/p>\r\n<p>Jos et l\u00f6yd\u00e4 toivomaasi aikaa netist\u00e4, niin voit my\u00f6s tiedustella mahdollisia muita vapaita aikoja studiolta puhelimitse 0504014504. HUOM! EI AJANVARAUKSIA, EIK\u00c4 PERUUTUKSIA S\u00c4HK\u00d6POSTITSE!<\/p>\r\n<div>\u00a0<\/div>\r\n<div>\u00a0<\/div>\r\n\r\n<div class=\"wp-block-group\">\r\n<div class=\"wp-block-group__inner-container is-layout-flow wp-block-group-is-layout-flow\">\r\n<div class=\"wp-block-columns is-layout-flex wp-container-core-columns-is-layout-1 wp-block-columns-is-layout-flex\">\r\n<div class=\"wp-block-column is-layout-flow wp-block-column-is-layout-flow\"><style>\n       .errordiv { padding:10px; margin:10px; border: 1px solid #555555;color: #000000;background-color: #f8f8f8; width:500px; }#advanced_iframe {visibility:visible;opacity:1;vertical-align:top;}.ai-info-bottom-iframe { position: fixed; z-index: 10000; bottom:0; left: 0; margin: 0px; text-align: center; width: 100%; background-color: #ff9999; padding-left: 5px;padding-bottom: 5px; border-top: 1px solid #aaa } a.ai-bold {font-weight: bold;}#ai-layer-div-advanced_iframe p {height:100%;margin:0;padding:0}<\/style><script type=\"text\/javascript\">var ai_iframe_width_advanced_iframe = 0;var ai_iframe_height_advanced_iframe = 0;function aiReceiveMessageadvanced_iframe(event) {  aiProcessMessage(event,\"advanced_iframe\", \"true\",\"\",\"false\",\"false\");}if (window.addEventListener) {  window.addEventListener(\"message\", aiReceiveMessageadvanced_iframe);} else if (el.attachEvent)  {  el.attachEvent(\"message\", aiReceiveMessageadvanced_iframe);}var aiOnloadScrollTop=\"true\";var aiShowDebug=false;\n\t\tif (typeof aiReadyCallbacks === 'undefined') {\n\t\t\tvar aiReadyCallbacks = [];\n\t\t} else if (!(aiReadyCallbacks instanceof Array)) {\n\t\t\tvar aiReadyCallbacks = [];\n\t\t}    function aiShowIframeId(id_iframe) { jQuery(\"#\"+id_iframe).css(\"visibility\", \"visible\");    }    function aiResizeIframeHeight(height) { aiResizeIframeHeight(height,advanced_iframe); }    function aiResizeIframeHeightId(height,width,id) {aiResizeIframeHeightById(id,height);}<\/script><iframe id=\"advanced_iframe\"  name=\"advanced_iframe\"  src=\"https:\/\/varaa.timma.fi\/tmistudioevaw\"  width=\"100%\"  height=\"600\"  frameborder=\"0\"  border=\"0\"  allowtransparency=\"true\"  loading=\"lazy\"  style=\";border-width: 0px;;border: none;;width:100%;;height:600px;\" ><\/iframe><script type=\"text\/javascript\">var ifrm_advanced_iframe = document.getElementById(\"advanced_iframe\");var hiddenTabsDoneadvanced_iframe = false;\nfunction resizeCallbackadvanced_iframe() {}<\/script><script type=\"text\/javascript\"><\/script><p style=\"display:block !important; visibility:visible !important;margin: -18px 14px 0 0;padding-left: 3px;padding-top:3px;background: white; overflow: hidden; position: relative; line-height:15px;width: fit-content;\"><small style=\"display:block !important;visibility:visible !important\">powered by Advanced iFrame<\/small><\/p><\/div>\r\n<\/div>\r\n\r\n\r\n\r\n<p>&nbsp;<\/p>\r\n<\/div>\r\n<\/div>\r\n","protected":false},"excerpt":{"rendered":"<p>Ohjeita nettiajanvaraajille: Jos olet ep\u00e4varma hiustesi pituudesta, niin valitse pidemm\u00e4t. N\u00e4in meill\u00e4 on varmasti tarpeeksi aikaa toteuttaa ty\u00f6. Jos olet tulossa meille ensimm\u00e4ist\u00e4 kertaa hiusten v\u00e4rj\u00e4ykseen tai sinulla on mieless\u00e4si [&hellip;]<\/p>\n","protected":false},"author":1,"featured_media":0,"parent":0,"menu_order":0,"comment_status":"closed","ping_status":"closed","template":"","meta":{"footnotes":""},"class_list":["post-358","page","type-page","status-publish","hentry"],"_links":{"self":[{"href":"https:\/\/www.studioevaw.com\/index.php?rest_route=\/wp\/v2\/pages\/358"}],"collection":[{"href":"https:\/\/www.studioevaw.com\/index.php?rest_route=\/wp\/v2\/pages"}],"about":[{"href":"https:\/\/www.studioevaw.com\/index.php?rest_route=\/wp\/v2\/types\/page"}],"author":[{"embeddable":true,"href":"https:\/\/www.studioevaw.com\/index.php?rest_route=\/wp\/v2\/users\/1"}],"replies":[{"embeddable":true,"href":"https:\/\/www.studioevaw.com\/index.php?rest_route=%2Fwp%2Fv2%2Fcomments&post=358"}],"version-history":[{"count":23,"href":"https:\/\/www.studioevaw.com\/index.php?rest_route=\/wp\/v2\/pages\/358\/revisions"}],"predecessor-version":[{"id":953,"href":"https:\/\/www.studioevaw.com\/index.php?rest_route=\/wp\/v2\/pages\/358\/revisions\/953"}],"wp:attachment":[{"href":"https:\/\/www.studioevaw.com\/index.php?rest_route=%2Fwp%2Fv2%2Fmedia&parent=358"}],"curies":[{"name":"wp","href":"https:\/\/api.w.org\/{rel}","templated":true}]}}