{"id":407,"date":"2014-06-09T15:25:53","date_gmt":"2014-06-09T15:25:53","guid":{"rendered":"http:\/\/31.217.196.115\/~zpthlllu\/?page_id=407"},"modified":"2017-08-09T15:42:17","modified_gmt":"2017-08-09T15:42:17","slug":"simply-natural","status":"publish","type":"page","link":"https:\/\/www.studioevaw.com\/?page_id=407","title":{"rendered":"SIMPLY NATURAL"},"content":{"rendered":"<p style=\"color: #000000;\"><span style=\"color: #ffffff;\">Pituutta, tuuheutta ja upeita s\u00e4vyj\u00e4- luonnollisesti. Skandinaavisille naisille suunnitellut Simply Natural hiustenpidennykset, tuuhennokset ja raidoitukset ovat vakiinnuttaneet asemansa sek\u00e4 Suomessa ett\u00e4 muualla pohjoismaissa.<\/span><\/p>\n<p style=\"color: #000000;\"><span style=\"color: #ffffff;\">Simply Natural k\u00e4ytt\u00e4\u00e4 vain parhaaseen super remy laatuluokkaan kuuluvia hiuksia, jotka t\u00e4ytt\u00e4v\u00e4t vaaditut kriteerit ja joiden keruu on eettisesti kest\u00e4v\u00e4ll\u00e4 pohjalla. Simply Natural tuotteille on my\u00f6s my\u00f6nnetty laatusertifikaatti sek\u00e4 EU:n GPS- todistus yritykselle, joka parantaa taloudellista kasvua kehitysmaissa.<\/span><\/p>\n<p style=\"color: #000000;\"><span style=\"color: #ffffff;\">Sinun hiuksesi ovat yksill\u00f6lliset ja kampaajasi on paras asiantuntijasi. H\u00e4n m\u00e4\u00e4rittelee sinulle sopivimman pidennystekniikan ja huoltov\u00e4lin. Suositeltava pitoaika on omien hiusten kasvunopeudesta riippuen 1,5-4kk. Ennen pidennyst\u00e4 kampaajasi kanssa m\u00e4\u00e4ritell\u00e4\u00e4n haluttu pidennystekniikka, pituus ja v\u00e4ri. Hiukset tilataan ja laitto aika varataan.Aikaa varattaessa otamme varausmaksun joka hyvitet\u00e4\u00e4n loppusummasta.<\/span><\/p>\n<p style=\"color: #000000;\"><span style=\"color: #ffffff;\">Meill\u00e4 teht\u00e4v\u00e4t pidennystekniikat:<\/span><\/p>\n<h3 style=\"color: #000000;\"><span style=\"color: #ffffff;\">Teippipidennykset<\/span><\/h3>\n<p style=\"color: #000000;\"><span style=\"color: #ffffff;\">Teippipidennysten etuna on, ett\u00e4 samoja hiuksia voidaan k\u00e4ytt\u00e4\u00e4 useita kertoja, kunhan hiuksia hoitaa hyvin. Tekniikalla voidaan tehd\u00e4 kokop\u00e4\u00e4n pidennyksi\u00e4, osa pidennyksi\u00e4 , tuuhennuksia sek\u00e4 raitoja. Pidennys kest\u00e4\u00e4 oikein hoidettuna n. 1,5-2,5 kk huomioiden omien hiusten kasvunopeus. Teippipidennysten poisto ammattilaisen tekem\u00e4n\u00e4 on hell\u00e4varaista omille hiuksille. Saatavana 30cm ja 50cm laine ja suora hius. Erikoistilauksesta 60cm.<\/span><\/p>\n<p style=\"color: #000000;\">\n<h3 style=\"color: #000000;\"><span style=\"color: #ffffff;\">Mago pidennykset<\/span><\/h3>\n<p style=\"color: #000000;\"><span style=\"color: #ffffff;\">Mago pidennysten laitto ja poisto tehd\u00e4\u00e4n ilman kemikaaleja, laitteita ja s\u00e4hk\u00f6\u00e4, jolloin se tekee pidennyksest\u00e4 mahdollisimman luonnollisen. Pidennysosiot sidotaan hiuksiin puuvillalangalla, eik\u00e4 kiinnitys tekniikka vaurioita omia hiuksia.Mago pidennyksi\u00e4 voidaan k\u00e4ytt\u00e4\u00e4 hiustenpidennyksiin ja tuuhennuksiin. Pidennys kest\u00e4\u00e4 noin 2-4kk huomioiden omien hiusten kasvunopeus. Hiuksia ei k\u00e4ytet\u00e4 uudelleen. 30 ja 50cm suora ja laine. Erikoistilauksesta 40 ja 60cm<\/span><\/p>\n","protected":false},"excerpt":{"rendered":"<p>Pituutta, tuuheutta ja upeita s\u00e4vyj\u00e4- luonnollisesti. Skandinaavisille naisille suunnitellut Simply Natural hiustenpidennykset, tuuhennokset ja raidoitukset ovat vakiinnuttaneet asemansa sek\u00e4 Suomessa ett\u00e4 muualla pohjoismaissa. Simply Natural k\u00e4ytt\u00e4\u00e4 vain parhaaseen super remy [&hellip;]<\/p>\n","protected":false},"author":1,"featured_media":0,"parent":0,"menu_order":0,"comment_status":"closed","ping_status":"closed","template":"","meta":{"footnotes":""},"class_list":["post-407","page","type-page","status-publish","hentry"],"_links":{"self":[{"href":"https:\/\/www.studioevaw.com\/index.php?rest_route=\/wp\/v2\/pages\/407"}],"collection":[{"href":"https:\/\/www.studioevaw.com\/index.php?rest_route=\/wp\/v2\/pages"}],"about":[{"href":"https:\/\/www.studioevaw.com\/index.php?rest_route=\/wp\/v2\/types\/page"}],"author":[{"embeddable":true,"href":"https:\/\/www.studioevaw.com\/index.php?rest_route=\/wp\/v2\/users\/1"}],"replies":[{"embeddable":true,"href":"https:\/\/www.studioevaw.com\/index.php?rest_route=%2Fwp%2Fv2%2Fcomments&post=407"}],"version-history":[{"count":3,"href":"https:\/\/www.studioevaw.com\/index.php?rest_route=\/wp\/v2\/pages\/407\/revisions"}],"predecessor-version":[{"id":514,"href":"https:\/\/www.studioevaw.com\/index.php?rest_route=\/wp\/v2\/pages\/407\/revisions\/514"}],"wp:attachment":[{"href":"https:\/\/www.studioevaw.com\/index.php?rest_route=%2Fwp%2Fv2%2Fmedia&parent=407"}],"curies":[{"name":"wp","href":"https:\/\/api.w.org\/{rel}","templated":true}]}}